{"id":86,"date":"2015-08-13T12:23:30","date_gmt":"2015-08-13T10:23:30","guid":{"rendered":"http:\/\/www.xn--ernhrungsberatung-bad-harzburg-xsc.de\/wordpress\/?page_id=86"},"modified":"2018-08-13T18:37:38","modified_gmt":"2018-08-13T16:37:38","slug":"rezepte","status":"publish","type":"page","link":"https:\/\/www.ern\u00e4hrungsberatung-bad-harzburg.de\/?page_id=86","title":{"rendered":"Rezepte"},"content":{"rendered":"<h4 style=\"text-align: center;\"><span style=\"color: #339966;\"><em><strong>&#8222;Kochen ist die Sache der Ern\u00e4hrungswissenschaft, aber auch Kunst, Abenteuer und Vergn\u00fcgen!&#8220; \u00a0<\/strong><\/em><\/span><\/h4>\n<h4 style=\"text-align: center;\"><span style=\"color: #339966;\"><em>(Syndney Gordon)<\/em><\/span><\/h4>\n<p style=\"text-align: center;\">Die <span style=\"color: #000000;\">sch\u00f6nste<\/span> Seite von allen ! Hier werden Sie regelm\u00e4\u00dfig leckere Rezepte mit saisonalen Produkten finden!\u00a0Guten Appetit!<\/p>\n<p style=\"text-align: justify;\">Die Sommerzeit ist einfach fantastisch! \u00dcberall trifft man auf ein wunderbares Angebot an frischen Gem\u00fcse- und Obstsorten. Inspiriert von kleinen knackig frischen und gr\u00fcn gl\u00e4nzenden Zucchini und gef\u00fchlten 40 \u00b0C Au\u00dfentemperatur kam mir dieses wahnsinnig leckere Salatrezept in den Sinn!<\/p>\n<p>&nbsp;<\/p>\n<h2><span style=\"color: #339966;\"><strong><span style=\"text-decoration: underline;\">Zucchini &#8211; Haselnuss- Salat<\/span><\/strong><\/span><\/h2>\n<p>[one_half]<\/p>\n<p>Zutaten f\u00fcr 4 Portionen :<br \/>\n50g Haseln\u00fcsse gesch\u00e4lt<br \/>\n7 kleine zarte Zucchini ( zusammen ca. 700g)<br \/>\n4 El Oliven\u00f6l extra nativ<br \/>\n2 EL Aceto balsamico<br \/>\n100g Parmesan am St\u00fcck<br \/>\nSalz, Pfeffer<br \/>\neine Handvoll Basilikumbl\u00e4tter<\/p>\n<p>N\u00e4hrwertangaben pro Portion<br \/>\nca. 330 kcal. Protein ca. 13 g, KH ca. 7 g \u00a0, Fett ca. 26 g.<\/p>\n<p>Der Salat liefert \u00fcbrigens auch reichlich wertvolle Vitamine wie u.a. Vitamin A, E, C, B1 , B2, B6 ,B12 und Fols\u00e4ure sowie Mineralstoffe wie Calcium, Selen, Eisen, Phosphor, Magnesium, Zink, Kupfer , Mangan und Kalium.<\/p>\n<p>25 g Parmesan enth\u00e4lt \u00fcbrigens knapp 300 mg Calcium. Das entspricht ca 30 % der empfohlenen Tageszufuhr eines Erwachsenen.<\/p>\n<p>Alle Angaben ohne Gew\u00e4hr!<\/p>\n<p>[\/one_half]<\/p>\n<p style=\"text-align: justify;\">Die Haselnusskerne zuerst im vorgeheizten Backofen bei 150 \u00b0C ca 10 Minuten r\u00f6sten. Nach dem Abk\u00fchlen nur grob hacken. (Man kann die N\u00fcsse je nach Geschmack auch unger\u00f6stet verwenden).<\/p>\n<p style=\"text-align: justify;\">Danach die gewaschenen und geputzten Zucchini in schr\u00e4ge etwa 1 cm dicke Scheiben schneiden und mit 2 El Oliven\u00f6l, Salz und frisch gemahlenem schwarzen Pfeffer vermischen. Die Scheiben in einer Pfanne (am besten Grillpfanne wegen des Musters!) kurz anbraten. Sie sollten nicht zu weich sein. Die Zucchinischeiben anschlie\u00dfend in einer Sch\u00fcssel mit dem Balsamicoessig vermengen und etwas abk\u00fchlen lassen. Schlie\u00dflich das restliche Oliven\u00f6l, die grob zerzupften Basilikumbl\u00e4tter und die Haseln\u00fcsse daruntermischen.<\/p>\n<p style=\"text-align: justify;\">Alles auf einer Platte anrichten und mit gehobelten Parmesansp\u00e4nen bestreuen. Lecker!<\/p>\n<p style=\"text-align: justify;\">Oliven\u00f6l &#8211; und Balsamicoliebhaber d\u00fcrfen auch gerne etwas mehr als die angegebene Menge verwenden. Allerdings steigt damit der Energiegehalt! Ein EL \u00d6l enth\u00e4lt ca. 110 kcal.<\/p>\n<p>[one_half_last][\/one_half_last]<\/p>\n<p>[box type=&#8220;shadow&#8220; align=&#8220;aligncenter&#8220; class=&#8220;&#8220; width=&#8220;&#8220;]<a href=\"http:\/\/www.xn--ernhrungsberatung-bad-harzburg-xsc.de\/wordpress\/wp-content\/uploads\/2015\/08\/Salat2.jpg\"><img loading=\"lazy\" decoding=\"async\" class=\"aligncenter wp-image-283 \" src=\"http:\/\/www.xn--ernhrungsberatung-bad-harzburg-xsc.de\/wordpress\/wp-content\/uploads\/2015\/08\/Salat2.jpg\" alt=\"Salat2\" width=\"730\" height=\"410\" srcset=\"https:\/\/www.xn--ernhrungsberatung-bad-harzburg-xsc.de\/wordpress\/wp-content\/uploads\/2015\/08\/Salat2.jpg 1000w, https:\/\/www.xn--ernhrungsberatung-bad-harzburg-xsc.de\/wordpress\/wp-content\/uploads\/2015\/08\/Salat2-300x169.jpg 300w\" sizes=\"auto, (max-width: 730px) 100vw, 730px\" \/><\/a>[\/box]<\/p>\n<p>&nbsp;<\/p>\n<hr \/>\n<hr \/>\n<h2><span style=\"color: #339966;\">Kn\u00e4ckebrot (glutenfrei)<\/span><\/h2>\n<p>F\u00fcr 1 Blech<\/p>\n<p>75g Sonnenblumenkerne, 75 g Sesamsaat, 75g Leinsamen, 120 g Kichererbsenmehl, \u00bd TL Salz, 50 ml Raps\u00f6l, 250 ml kochendes Wasser<\/p>\n<p>&nbsp;<\/p>\n<p>Backofen auf 150 \u00b0C vorheizen.<\/p>\n<p>Alle Zutaten au\u00dfer dem Wasser in einer Sch\u00fcssel mischen. Das kochende Wasser hinzugie\u00dfen und alles zu einem relativ fl\u00fcssigen Teig verr\u00fchren.<\/p>\n<p>Die Backbleche mit Backpapier belegen und die Teigmasse gleichm\u00e4\u00dfig d\u00fcnn darauf streichen. Ca. 10 Minuten backen und dann den Teig in Scheiben schneiden.<\/p>\n<p>Die Bleche einzeln bei Ober-und Unterhitze auf der mittleren Schiene weiter 45-50 Minuten backen.<\/p>\n<p>&nbsp;<\/p>\n","protected":false},"excerpt":{"rendered":"<p>&#8222;Kochen ist die Sache der Ern\u00e4hrungswissenschaft, aber auch Kunst, Abenteuer und &#8230; <\/p>\n","protected":false},"author":1,"featured_media":0,"parent":0,"menu_order":0,"comment_status":"closed","ping_status":"open","template":"","meta":{"footnotes":""},"class_list":["post-86","page","type-page","status-publish","hentry"],"yoast_head":"<!-- This site is optimized with the Yoast SEO plugin v27.4 - https:\/\/yoast.com\/product\/yoast-seo-wordpress\/ -->\n<title>Rezepte - Ern\u00e4hrungsberatung Bad Harzburg<\/title>\n<meta name=\"robots\" content=\"index, follow, max-snippet:-1, max-image-preview:large, max-video-preview:-1\" \/>\n<link rel=\"canonical\" href=\"https:\/\/www.ern\u00e4hrungsberatung-bad-harzburg.de\/?page_id=86\" \/>\n<meta property=\"og:locale\" content=\"de_DE\" \/>\n<meta property=\"og:type\" content=\"article\" \/>\n<meta property=\"og:title\" content=\"Rezepte - Ern\u00e4hrungsberatung Bad Harzburg\" \/>\n<meta property=\"og:description\" content=\"&#8222;Kochen ist die Sache der Ern\u00e4hrungswissenschaft, aber auch Kunst, Abenteuer und ...\" \/>\n<meta property=\"og:url\" content=\"https:\/\/www.ern\u00e4hrungsberatung-bad-harzburg.de\/?page_id=86\" \/>\n<meta property=\"og:site_name\" content=\"Ern\u00e4hrungsberatung Bad Harzburg\" \/>\n<meta property=\"article:modified_time\" content=\"2018-08-13T16:37:38+00:00\" \/>\n<meta property=\"og:image\" content=\"http:\/\/www.xn--ernhrungsberatung-bad-harzburg-xsc.de\/wordpress\/wp-content\/uploads\/2015\/08\/Salat2.jpg\" \/>\n<meta name=\"twitter:label1\" content=\"Gesch\u00e4tzte Lesezeit\" \/>\n\t<meta name=\"twitter:data1\" content=\"2\u00a0Minuten\" \/>\n<script type=\"application\/ld+json\" class=\"yoast-schema-graph\">{\"@context\":\"https:\\\/\\\/schema.org\",\"@graph\":[{\"@type\":\"WebPage\",\"@id\":\"https:\\\/\\\/www.ern\u00e4hrungsberatung-bad-harzburg.de\\\/?page_id=86\",\"url\":\"https:\\\/\\\/www.ern\u00e4hrungsberatung-bad-harzburg.de\\\/?page_id=86\",\"name\":\"Rezepte - Ern\u00e4hrungsberatung Bad Harzburg\",\"isPartOf\":{\"@id\":\"https:\\\/\\\/www.ern\u00e4hrungsberatung-bad-harzburg.de\\\/#website\"},\"primaryImageOfPage\":{\"@id\":\"https:\\\/\\\/www.ern\u00e4hrungsberatung-bad-harzburg.de\\\/?page_id=86#primaryimage\"},\"image\":{\"@id\":\"https:\\\/\\\/www.ern\u00e4hrungsberatung-bad-harzburg.de\\\/?page_id=86#primaryimage\"},\"thumbnailUrl\":\"http:\\\/\\\/www.xn--ernhrungsberatung-bad-harzburg-xsc.de\\\/wordpress\\\/wp-content\\\/uploads\\\/2015\\\/08\\\/Salat2.jpg\",\"datePublished\":\"2015-08-13T10:23:30+00:00\",\"dateModified\":\"2018-08-13T16:37:38+00:00\",\"breadcrumb\":{\"@id\":\"https:\\\/\\\/www.ern\u00e4hrungsberatung-bad-harzburg.de\\\/?page_id=86#breadcrumb\"},\"inLanguage\":\"de\",\"potentialAction\":[{\"@type\":\"ReadAction\",\"target\":[\"https:\\\/\\\/www.ern\u00e4hrungsberatung-bad-harzburg.de\\\/?page_id=86\"]}]},{\"@type\":\"ImageObject\",\"inLanguage\":\"de\",\"@id\":\"https:\\\/\\\/www.ern\u00e4hrungsberatung-bad-harzburg.de\\\/?page_id=86#primaryimage\",\"url\":\"http:\\\/\\\/www.xn--ernhrungsberatung-bad-harzburg-xsc.de\\\/wordpress\\\/wp-content\\\/uploads\\\/2015\\\/08\\\/Salat2.jpg\",\"contentUrl\":\"http:\\\/\\\/www.xn--ernhrungsberatung-bad-harzburg-xsc.de\\\/wordpress\\\/wp-content\\\/uploads\\\/2015\\\/08\\\/Salat2.jpg\"},{\"@type\":\"BreadcrumbList\",\"@id\":\"https:\\\/\\\/www.ern\u00e4hrungsberatung-bad-harzburg.de\\\/?page_id=86#breadcrumb\",\"itemListElement\":[{\"@type\":\"ListItem\",\"position\":1,\"name\":\"Home\",\"item\":\"https:\\\/\\\/www.ern\u00e4hrungsberatung-bad-harzburg.de\\\/\"},{\"@type\":\"ListItem\",\"position\":2,\"name\":\"Rezepte\"}]},{\"@type\":\"WebSite\",\"@id\":\"https:\\\/\\\/www.ern\u00e4hrungsberatung-bad-harzburg.de\\\/#website\",\"url\":\"https:\\\/\\\/www.ern\u00e4hrungsberatung-bad-harzburg.de\\\/\",\"name\":\"Ern\u00e4hrungsberatung Bad Harzburg\",\"description\":\"Ern\u00e4hrungsberatung, Gewichtscoach, Gesunde Ern\u00e4hrung, Bad Harzburg\",\"potentialAction\":[{\"@type\":\"SearchAction\",\"target\":{\"@type\":\"EntryPoint\",\"urlTemplate\":\"https:\\\/\\\/www.ern\u00e4hrungsberatung-bad-harzburg.de\\\/?s={search_term_string}\"},\"query-input\":{\"@type\":\"PropertyValueSpecification\",\"valueRequired\":true,\"valueName\":\"search_term_string\"}}],\"inLanguage\":\"de\"}]}<\/script>\n<!-- \/ Yoast SEO plugin. -->","yoast_head_json":{"title":"Rezepte - Ern\u00e4hrungsberatung Bad Harzburg","robots":{"index":"index","follow":"follow","max-snippet":"max-snippet:-1","max-image-preview":"max-image-preview:large","max-video-preview":"max-video-preview:-1"},"canonical":"https:\/\/www.ern\u00e4hrungsberatung-bad-harzburg.de\/?page_id=86","og_locale":"de_DE","og_type":"article","og_title":"Rezepte - Ern\u00e4hrungsberatung Bad Harzburg","og_description":"&#8222;Kochen ist die Sache der Ern\u00e4hrungswissenschaft, aber auch Kunst, Abenteuer und ...","og_url":"https:\/\/www.ern\u00e4hrungsberatung-bad-harzburg.de\/?page_id=86","og_site_name":"Ern\u00e4hrungsberatung Bad Harzburg","article_modified_time":"2018-08-13T16:37:38+00:00","og_image":[{"url":"http:\/\/www.xn--ernhrungsberatung-bad-harzburg-xsc.de\/wordpress\/wp-content\/uploads\/2015\/08\/Salat2.jpg","type":"","width":"","height":""}],"twitter_misc":{"Gesch\u00e4tzte Lesezeit":"2\u00a0Minuten"},"schema":{"@context":"https:\/\/schema.org","@graph":[{"@type":"WebPage","@id":"https:\/\/www.ern\u00e4hrungsberatung-bad-harzburg.de\/?page_id=86","url":"https:\/\/www.ern\u00e4hrungsberatung-bad-harzburg.de\/?page_id=86","name":"Rezepte - Ern\u00e4hrungsberatung Bad Harzburg","isPartOf":{"@id":"https:\/\/www.ern\u00e4hrungsberatung-bad-harzburg.de\/#website"},"primaryImageOfPage":{"@id":"https:\/\/www.ern\u00e4hrungsberatung-bad-harzburg.de\/?page_id=86#primaryimage"},"image":{"@id":"https:\/\/www.ern\u00e4hrungsberatung-bad-harzburg.de\/?page_id=86#primaryimage"},"thumbnailUrl":"http:\/\/www.xn--ernhrungsberatung-bad-harzburg-xsc.de\/wordpress\/wp-content\/uploads\/2015\/08\/Salat2.jpg","datePublished":"2015-08-13T10:23:30+00:00","dateModified":"2018-08-13T16:37:38+00:00","breadcrumb":{"@id":"https:\/\/www.ern\u00e4hrungsberatung-bad-harzburg.de\/?page_id=86#breadcrumb"},"inLanguage":"de","potentialAction":[{"@type":"ReadAction","target":["https:\/\/www.ern\u00e4hrungsberatung-bad-harzburg.de\/?page_id=86"]}]},{"@type":"ImageObject","inLanguage":"de","@id":"https:\/\/www.ern\u00e4hrungsberatung-bad-harzburg.de\/?page_id=86#primaryimage","url":"http:\/\/www.xn--ernhrungsberatung-bad-harzburg-xsc.de\/wordpress\/wp-content\/uploads\/2015\/08\/Salat2.jpg","contentUrl":"http:\/\/www.xn--ernhrungsberatung-bad-harzburg-xsc.de\/wordpress\/wp-content\/uploads\/2015\/08\/Salat2.jpg"},{"@type":"BreadcrumbList","@id":"https:\/\/www.ern\u00e4hrungsberatung-bad-harzburg.de\/?page_id=86#breadcrumb","itemListElement":[{"@type":"ListItem","position":1,"name":"Home","item":"https:\/\/www.ern\u00e4hrungsberatung-bad-harzburg.de\/"},{"@type":"ListItem","position":2,"name":"Rezepte"}]},{"@type":"WebSite","@id":"https:\/\/www.ern\u00e4hrungsberatung-bad-harzburg.de\/#website","url":"https:\/\/www.ern\u00e4hrungsberatung-bad-harzburg.de\/","name":"Ern\u00e4hrungsberatung Bad Harzburg","description":"Ern\u00e4hrungsberatung, Gewichtscoach, Gesunde Ern\u00e4hrung, Bad Harzburg","potentialAction":[{"@type":"SearchAction","target":{"@type":"EntryPoint","urlTemplate":"https:\/\/www.ern\u00e4hrungsberatung-bad-harzburg.de\/?s={search_term_string}"},"query-input":{"@type":"PropertyValueSpecification","valueRequired":true,"valueName":"search_term_string"}}],"inLanguage":"de"}]}},"_links":{"self":[{"href":"https:\/\/www.ern\u00e4hrungsberatung-bad-harzburg.de\/index.php?rest_route=\/wp\/v2\/pages\/86","targetHints":{"allow":["GET"]}}],"collection":[{"href":"https:\/\/www.ern\u00e4hrungsberatung-bad-harzburg.de\/index.php?rest_route=\/wp\/v2\/pages"}],"about":[{"href":"https:\/\/www.ern\u00e4hrungsberatung-bad-harzburg.de\/index.php?rest_route=\/wp\/v2\/types\/page"}],"author":[{"embeddable":true,"href":"https:\/\/www.ern\u00e4hrungsberatung-bad-harzburg.de\/index.php?rest_route=\/wp\/v2\/users\/1"}],"replies":[{"embeddable":true,"href":"https:\/\/www.ern\u00e4hrungsberatung-bad-harzburg.de\/index.php?rest_route=%2Fwp%2Fv2%2Fcomments&post=86"}],"version-history":[{"count":43,"href":"https:\/\/www.ern\u00e4hrungsberatung-bad-harzburg.de\/index.php?rest_route=\/wp\/v2\/pages\/86\/revisions"}],"predecessor-version":[{"id":505,"href":"https:\/\/www.ern\u00e4hrungsberatung-bad-harzburg.de\/index.php?rest_route=\/wp\/v2\/pages\/86\/revisions\/505"}],"wp:attachment":[{"href":"https:\/\/www.ern\u00e4hrungsberatung-bad-harzburg.de\/index.php?rest_route=%2Fwp%2Fv2%2Fmedia&parent=86"}],"curies":[{"name":"wp","href":"https:\/\/api.w.org\/{rel}","templated":true}]}}