{"id":85,"date":"2015-08-12T17:23:53","date_gmt":"2015-08-12T15:23:53","guid":{"rendered":"http:\/\/www.xn--ernhrungsberatung-bad-harzburg-xsc.de\/wordpress\/?page_id=85"},"modified":"2018-08-13T18:24:10","modified_gmt":"2018-08-13T16:24:10","slug":"ueber-mich","status":"publish","type":"page","link":"https:\/\/www.ern\u00e4hrungsberatung-bad-harzburg.de\/?page_id=85","title":{"rendered":"\u00dcber mich"},"content":{"rendered":"<p>[one_half][box type=&#8220;shadow&#8220; align=&#8220;aligncenter&#8220; class=&#8220;&#8220; width=&#8220;&#8220;]<\/p>\n<p><img loading=\"lazy\" decoding=\"async\" class=\" wp-image-191 aligncenter\" src=\"http:\/\/www.xn--ernhrungsberatung-bad-harzburg-xsc.de\/wordpress\/wp-content\/uploads\/2015\/08\/spike-143373_1280.jpg\" alt=\"spike-143373_1280\" width=\"480\" height=\"320\" srcset=\"https:\/\/www.xn--ernhrungsberatung-bad-harzburg-xsc.de\/wordpress\/wp-content\/uploads\/2015\/08\/spike-143373_1280.jpg 1280w, https:\/\/www.xn--ernhrungsberatung-bad-harzburg-xsc.de\/wordpress\/wp-content\/uploads\/2015\/08\/spike-143373_1280-300x200.jpg 300w, https:\/\/www.xn--ernhrungsberatung-bad-harzburg-xsc.de\/wordpress\/wp-content\/uploads\/2015\/08\/spike-143373_1280-1024x682.jpg 1024w\" sizes=\"auto, (max-width: 480px) 100vw, 480px\" \/><\/p>\n<p>[\/box]<\/p>\n<p style=\"text-align: justify;\"><strong>Und nun etwas zu meiner Person:<\/strong><\/p>\n<p style=\"text-align: justify;\">Ich bin Jahrgang 1963, verheiratet und habe zwei erwachsene Kinder.<\/p>\n<p style=\"text-align: justify;\">Nach dem Besuchs des Gynasiums habe ich zuerst eine Berufsfachschule f\u00fcr Pharmazie besucht und eine Ausbildung als PTA gemacht, um hinterher noch zu studieren (Medizin, Ern\u00e4hrungswissenschaften oder Pharmazie waren so meine Ziele). W\u00e4hrend meiner beruflichen T\u00e4tigkeit in der Apotheke lernte ich dann meinen Mann kennen, habe geheiratet und Kinder bekommen. Danach war ich im Betrieb meines Mannes t\u00e4tig. Vor einigen Jahren habe ich \u00a0mich dann entschlossen ein Fernstudium zu beginnen, um mein eigentliches Berufsziel doch noch zu verwirklichen.Seit dem erfolgreichen Abschluss bin ich als Ern\u00e4hrungsberaterin t\u00e4tig und mit ganzem Herzen dabei! Da ich selber in meinem fr\u00fcheren Leben bzgl. meines Gewichtes einige H\u00f6hen und Tiefen erlebt habe, kann ich hier selber sehr viel an Erfahrung einbringen und Ihnen hilfreich bei einer Gewichtsabnahme zur Seite stehen! Dieses praktiziere ich auch bei meiner T\u00e4tigkeit im Vitawell Goslar.<\/p>\n<p>Ferner bin ich\u00a0 Dozentin der Volkshochschulen der Landkreise Goslar und Harz\/ Wernigerode\u00a0 und bin mit Kochkursen vertreten, die prim\u00e4r nat\u00fcrlich auch einen gesundheitlichen Ansatz bieten, aber auch einfach mal &#8222;nur&#8220; lecker sein d\u00fcrfen.<\/p>\n<p>Ebenso geh\u00f6ren Vortr\u00e4ge \u00fcber Themenschwerpunkte im Bereich Ern\u00e4hrung wie z.B. im Auftrag der Touristinfo Bad Sachsa oder auch bei den Naturheilkundetagen in St. Andreasberg zu meinem T\u00e4tigkeitsfeld.<\/p>\n<p>Fortbildungen im Bereich Gesunder Ern\u00e4hrung, aber auch Gestaltung von Weihnachtsfeiern wie z.B. f\u00fcr den Landkreis Goslar sind selbstverst\u00e4ndlich auch m\u00f6glich.<\/p>\n<p><img loading=\"lazy\" decoding=\"async\" class=\"alignnone size-full wp-image-446\" src=\"http:\/\/www.xn--ernhrungsberatung-bad-harzburg-xsc.de\/wordpress\/wp-content\/uploads\/2015\/08\/Gesundheit.jpg\" alt=\"\" width=\"500\" height=\"54\" srcset=\"https:\/\/www.xn--ernhrungsberatung-bad-harzburg-xsc.de\/wordpress\/wp-content\/uploads\/2015\/08\/Gesundheit.jpg 500w, https:\/\/www.xn--ernhrungsberatung-bad-harzburg-xsc.de\/wordpress\/wp-content\/uploads\/2015\/08\/Gesundheit-300x32.jpg 300w\" sizes=\"auto, (max-width: 500px) 100vw, 500px\" \/>[\/one_half]<\/p>\n<p>[one_half_last] [box type=&#8220;shadow&#8220; align=&#8220;aligncenter&#8220; class=&#8220;&#8220; width=&#8220;&#8220;]<img loading=\"lazy\" decoding=\"async\" class=\"alignnone wp-image-73 size-full\" src=\"http:\/\/www.xn--ernhrungsberatung-bad-harzburg-xsc.de\/wordpress\/wp-content\/uploads\/2015\/08\/1V0A14201.jpg\" width=\"512\" height=\"768\" srcset=\"https:\/\/www.xn--ernhrungsberatung-bad-harzburg-xsc.de\/wordpress\/wp-content\/uploads\/2015\/08\/1V0A14201.jpg 512w, https:\/\/www.xn--ernhrungsberatung-bad-harzburg-xsc.de\/wordpress\/wp-content\/uploads\/2015\/08\/1V0A14201-200x300.jpg 200w\" sizes=\"auto, (max-width: 512px) 100vw, 512px\" \/>[\/box]<\/p>\n<p style=\"text-align: justify;\">Privat begeistere ich mich f\u00fcr die sch\u00f6nen Dinge des Lebens : Ich liebe Musik ( spiele , wenn es die Zeit zul\u00e4\u00dft, Klavier ) , Kunst , Kochen (ich sammle Kochb\u00fccher ), sch\u00f6nes Geschirr und alte Gl\u00e4ser. Ich gehe wahnsinnig gerne \u00fcber Wochen &#8211; und Flohm\u00e4rkte. Aber ich bin auch ein Bewegungsmensch. Wandern ist meine Passion ! Ich \u00a0wohne in dem sch\u00f6nsten Mittelgebirge Deutschlands und bin hier mit meinem Mann regelm\u00e4\u00dfig unterwegs. Wandertouren und eine Einkehr in einer dieser wunderbaren Waldgastst\u00e4tten sind am Wochenende Programm und machen einfach nur gl\u00fccklich!<\/p>\n<p>[\/one_half_last]<\/p>\n<p>[box type=&#8220;shadow&#8220; align=&#8220;aligncenter&#8220; class=&#8220;&#8220; width=&#8220;&#8220;]<img loading=\"lazy\" decoding=\"async\" class=\"alignnone size-full wp-image-323\" src=\"http:\/\/www.xn--ernhrungsberatung-bad-harzburg-xsc.de\/wordpress\/wp-content\/uploads\/2015\/08\/garlic-139659_1280.jpg\" alt=\"\" width=\"1280\" height=\"1280\" srcset=\"https:\/\/www.xn--ernhrungsberatung-bad-harzburg-xsc.de\/wordpress\/wp-content\/uploads\/2015\/08\/garlic-139659_1280.jpg 1280w, https:\/\/www.xn--ernhrungsberatung-bad-harzburg-xsc.de\/wordpress\/wp-content\/uploads\/2015\/08\/garlic-139659_1280-150x150.jpg 150w, https:\/\/www.xn--ernhrungsberatung-bad-harzburg-xsc.de\/wordpress\/wp-content\/uploads\/2015\/08\/garlic-139659_1280-300x300.jpg 300w, https:\/\/www.xn--ernhrungsberatung-bad-harzburg-xsc.de\/wordpress\/wp-content\/uploads\/2015\/08\/garlic-139659_1280-1024x1024.jpg 1024w\" sizes=\"auto, (max-width: 1280px) 100vw, 1280px\" \/>[\/box]<\/p>\n<p>&nbsp;<\/p>\n","protected":false},"excerpt":{"rendered":"<p>Und nun etwas zu meiner Person: Ich bin Jahrgang 1963, verheiratet &#8230; <\/p>\n","protected":false},"author":1,"featured_media":0,"parent":0,"menu_order":0,"comment_status":"closed","ping_status":"open","template":"","meta":{"footnotes":""},"class_list":["post-85","page","type-page","status-publish","hentry"],"yoast_head":"<!-- This site is optimized with the Yoast SEO plugin v27.4 - https:\/\/yoast.com\/product\/yoast-seo-wordpress\/ -->\n<title>\u00dcber mich - Ern\u00e4hrungsberatung Bad Harzburg<\/title>\n<meta name=\"robots\" content=\"index, follow, max-snippet:-1, max-image-preview:large, max-video-preview:-1\" \/>\n<link rel=\"canonical\" href=\"https:\/\/www.ern\u00e4hrungsberatung-bad-harzburg.de\/?page_id=85\" \/>\n<meta property=\"og:locale\" content=\"de_DE\" \/>\n<meta property=\"og:type\" content=\"article\" \/>\n<meta property=\"og:title\" content=\"\u00dcber mich - Ern\u00e4hrungsberatung Bad Harzburg\" \/>\n<meta property=\"og:description\" content=\"Und nun etwas zu meiner Person: Ich bin Jahrgang 1963, verheiratet ...\" \/>\n<meta property=\"og:url\" content=\"https:\/\/www.ern\u00e4hrungsberatung-bad-harzburg.de\/?page_id=85\" \/>\n<meta property=\"og:site_name\" content=\"Ern\u00e4hrungsberatung Bad Harzburg\" \/>\n<meta property=\"article:modified_time\" content=\"2018-08-13T16:24:10+00:00\" \/>\n<meta property=\"og:image\" content=\"http:\/\/www.xn--ernhrungsberatung-bad-harzburg-xsc.de\/wordpress\/wp-content\/uploads\/2015\/08\/spike-143373_1280.jpg\" \/>\n<meta name=\"twitter:label1\" content=\"Gesch\u00e4tzte Lesezeit\" \/>\n\t<meta name=\"twitter:data1\" content=\"2\u00a0Minuten\" \/>\n<script type=\"application\/ld+json\" class=\"yoast-schema-graph\">{\"@context\":\"https:\\\/\\\/schema.org\",\"@graph\":[{\"@type\":\"WebPage\",\"@id\":\"https:\\\/\\\/www.ern\u00e4hrungsberatung-bad-harzburg.de\\\/?page_id=85\",\"url\":\"https:\\\/\\\/www.ern\u00e4hrungsberatung-bad-harzburg.de\\\/?page_id=85\",\"name\":\"\u00dcber mich - Ern\u00e4hrungsberatung Bad Harzburg\",\"isPartOf\":{\"@id\":\"https:\\\/\\\/www.ern\u00e4hrungsberatung-bad-harzburg.de\\\/#website\"},\"primaryImageOfPage\":{\"@id\":\"https:\\\/\\\/www.ern\u00e4hrungsberatung-bad-harzburg.de\\\/?page_id=85#primaryimage\"},\"image\":{\"@id\":\"https:\\\/\\\/www.ern\u00e4hrungsberatung-bad-harzburg.de\\\/?page_id=85#primaryimage\"},\"thumbnailUrl\":\"http:\\\/\\\/www.xn--ernhrungsberatung-bad-harzburg-xsc.de\\\/wordpress\\\/wp-content\\\/uploads\\\/2015\\\/08\\\/spike-143373_1280.jpg\",\"datePublished\":\"2015-08-12T15:23:53+00:00\",\"dateModified\":\"2018-08-13T16:24:10+00:00\",\"breadcrumb\":{\"@id\":\"https:\\\/\\\/www.ern\u00e4hrungsberatung-bad-harzburg.de\\\/?page_id=85#breadcrumb\"},\"inLanguage\":\"de\",\"potentialAction\":[{\"@type\":\"ReadAction\",\"target\":[\"https:\\\/\\\/www.ern\u00e4hrungsberatung-bad-harzburg.de\\\/?page_id=85\"]}]},{\"@type\":\"ImageObject\",\"inLanguage\":\"de\",\"@id\":\"https:\\\/\\\/www.ern\u00e4hrungsberatung-bad-harzburg.de\\\/?page_id=85#primaryimage\",\"url\":\"http:\\\/\\\/www.xn--ernhrungsberatung-bad-harzburg-xsc.de\\\/wordpress\\\/wp-content\\\/uploads\\\/2015\\\/08\\\/spike-143373_1280.jpg\",\"contentUrl\":\"http:\\\/\\\/www.xn--ernhrungsberatung-bad-harzburg-xsc.de\\\/wordpress\\\/wp-content\\\/uploads\\\/2015\\\/08\\\/spike-143373_1280.jpg\"},{\"@type\":\"BreadcrumbList\",\"@id\":\"https:\\\/\\\/www.ern\u00e4hrungsberatung-bad-harzburg.de\\\/?page_id=85#breadcrumb\",\"itemListElement\":[{\"@type\":\"ListItem\",\"position\":1,\"name\":\"Home\",\"item\":\"https:\\\/\\\/www.ern\u00e4hrungsberatung-bad-harzburg.de\\\/\"},{\"@type\":\"ListItem\",\"position\":2,\"name\":\"\u00dcber mich\"}]},{\"@type\":\"WebSite\",\"@id\":\"https:\\\/\\\/www.ern\u00e4hrungsberatung-bad-harzburg.de\\\/#website\",\"url\":\"https:\\\/\\\/www.ern\u00e4hrungsberatung-bad-harzburg.de\\\/\",\"name\":\"Ern\u00e4hrungsberatung Bad Harzburg\",\"description\":\"Ern\u00e4hrungsberatung, Gewichtscoach, Gesunde Ern\u00e4hrung, Bad Harzburg\",\"potentialAction\":[{\"@type\":\"SearchAction\",\"target\":{\"@type\":\"EntryPoint\",\"urlTemplate\":\"https:\\\/\\\/www.ern\u00e4hrungsberatung-bad-harzburg.de\\\/?s={search_term_string}\"},\"query-input\":{\"@type\":\"PropertyValueSpecification\",\"valueRequired\":true,\"valueName\":\"search_term_string\"}}],\"inLanguage\":\"de\"}]}<\/script>\n<!-- \/ Yoast SEO plugin. -->","yoast_head_json":{"title":"\u00dcber mich - Ern\u00e4hrungsberatung Bad Harzburg","robots":{"index":"index","follow":"follow","max-snippet":"max-snippet:-1","max-image-preview":"max-image-preview:large","max-video-preview":"max-video-preview:-1"},"canonical":"https:\/\/www.ern\u00e4hrungsberatung-bad-harzburg.de\/?page_id=85","og_locale":"de_DE","og_type":"article","og_title":"\u00dcber mich - Ern\u00e4hrungsberatung Bad Harzburg","og_description":"Und nun etwas zu meiner Person: Ich bin Jahrgang 1963, verheiratet ...","og_url":"https:\/\/www.ern\u00e4hrungsberatung-bad-harzburg.de\/?page_id=85","og_site_name":"Ern\u00e4hrungsberatung Bad Harzburg","article_modified_time":"2018-08-13T16:24:10+00:00","og_image":[{"url":"http:\/\/www.xn--ernhrungsberatung-bad-harzburg-xsc.de\/wordpress\/wp-content\/uploads\/2015\/08\/spike-143373_1280.jpg","type":"","width":"","height":""}],"twitter_misc":{"Gesch\u00e4tzte Lesezeit":"2\u00a0Minuten"},"schema":{"@context":"https:\/\/schema.org","@graph":[{"@type":"WebPage","@id":"https:\/\/www.ern\u00e4hrungsberatung-bad-harzburg.de\/?page_id=85","url":"https:\/\/www.ern\u00e4hrungsberatung-bad-harzburg.de\/?page_id=85","name":"\u00dcber mich - Ern\u00e4hrungsberatung Bad Harzburg","isPartOf":{"@id":"https:\/\/www.ern\u00e4hrungsberatung-bad-harzburg.de\/#website"},"primaryImageOfPage":{"@id":"https:\/\/www.ern\u00e4hrungsberatung-bad-harzburg.de\/?page_id=85#primaryimage"},"image":{"@id":"https:\/\/www.ern\u00e4hrungsberatung-bad-harzburg.de\/?page_id=85#primaryimage"},"thumbnailUrl":"http:\/\/www.xn--ernhrungsberatung-bad-harzburg-xsc.de\/wordpress\/wp-content\/uploads\/2015\/08\/spike-143373_1280.jpg","datePublished":"2015-08-12T15:23:53+00:00","dateModified":"2018-08-13T16:24:10+00:00","breadcrumb":{"@id":"https:\/\/www.ern\u00e4hrungsberatung-bad-harzburg.de\/?page_id=85#breadcrumb"},"inLanguage":"de","potentialAction":[{"@type":"ReadAction","target":["https:\/\/www.ern\u00e4hrungsberatung-bad-harzburg.de\/?page_id=85"]}]},{"@type":"ImageObject","inLanguage":"de","@id":"https:\/\/www.ern\u00e4hrungsberatung-bad-harzburg.de\/?page_id=85#primaryimage","url":"http:\/\/www.xn--ernhrungsberatung-bad-harzburg-xsc.de\/wordpress\/wp-content\/uploads\/2015\/08\/spike-143373_1280.jpg","contentUrl":"http:\/\/www.xn--ernhrungsberatung-bad-harzburg-xsc.de\/wordpress\/wp-content\/uploads\/2015\/08\/spike-143373_1280.jpg"},{"@type":"BreadcrumbList","@id":"https:\/\/www.ern\u00e4hrungsberatung-bad-harzburg.de\/?page_id=85#breadcrumb","itemListElement":[{"@type":"ListItem","position":1,"name":"Home","item":"https:\/\/www.ern\u00e4hrungsberatung-bad-harzburg.de\/"},{"@type":"ListItem","position":2,"name":"\u00dcber mich"}]},{"@type":"WebSite","@id":"https:\/\/www.ern\u00e4hrungsberatung-bad-harzburg.de\/#website","url":"https:\/\/www.ern\u00e4hrungsberatung-bad-harzburg.de\/","name":"Ern\u00e4hrungsberatung Bad Harzburg","description":"Ern\u00e4hrungsberatung, Gewichtscoach, Gesunde Ern\u00e4hrung, Bad Harzburg","potentialAction":[{"@type":"SearchAction","target":{"@type":"EntryPoint","urlTemplate":"https:\/\/www.ern\u00e4hrungsberatung-bad-harzburg.de\/?s={search_term_string}"},"query-input":{"@type":"PropertyValueSpecification","valueRequired":true,"valueName":"search_term_string"}}],"inLanguage":"de"}]}},"_links":{"self":[{"href":"https:\/\/www.ern\u00e4hrungsberatung-bad-harzburg.de\/index.php?rest_route=\/wp\/v2\/pages\/85","targetHints":{"allow":["GET"]}}],"collection":[{"href":"https:\/\/www.ern\u00e4hrungsberatung-bad-harzburg.de\/index.php?rest_route=\/wp\/v2\/pages"}],"about":[{"href":"https:\/\/www.ern\u00e4hrungsberatung-bad-harzburg.de\/index.php?rest_route=\/wp\/v2\/types\/page"}],"author":[{"embeddable":true,"href":"https:\/\/www.ern\u00e4hrungsberatung-bad-harzburg.de\/index.php?rest_route=\/wp\/v2\/users\/1"}],"replies":[{"embeddable":true,"href":"https:\/\/www.ern\u00e4hrungsberatung-bad-harzburg.de\/index.php?rest_route=%2Fwp%2Fv2%2Fcomments&post=85"}],"version-history":[{"count":34,"href":"https:\/\/www.ern\u00e4hrungsberatung-bad-harzburg.de\/index.php?rest_route=\/wp\/v2\/pages\/85\/revisions"}],"predecessor-version":[{"id":503,"href":"https:\/\/www.ern\u00e4hrungsberatung-bad-harzburg.de\/index.php?rest_route=\/wp\/v2\/pages\/85\/revisions\/503"}],"wp:attachment":[{"href":"https:\/\/www.ern\u00e4hrungsberatung-bad-harzburg.de\/index.php?rest_route=%2Fwp%2Fv2%2Fmedia&parent=85"}],"curies":[{"name":"wp","href":"https:\/\/api.w.org\/{rel}","templated":true}]}}