{"id":82,"date":"2015-08-11T14:31:12","date_gmt":"2015-08-11T12:31:12","guid":{"rendered":"http:\/\/www.xn--ernhrungsberatung-bad-harzburg-xsc.de\/wordpress\/?page_id=82"},"modified":"2018-08-13T18:19:58","modified_gmt":"2018-08-13T16:19:58","slug":"leistungen","status":"publish","type":"page","link":"https:\/\/www.ern\u00e4hrungsberatung-bad-harzburg.de\/?page_id=82","title":{"rendered":"Ern\u00e4hrungsberatung"},"content":{"rendered":"<h4><em><strong><span style=\"text-decoration: underline;\">Gewichtsreduktion<\/span><\/strong><\/em><\/h4>\n<h4 style=\"text-align: justify;\"><span style=\"color: #339966;\">&#8222;Das Erste, das man bei einer Abmagerungskur verliert, ist die gute Laune ! &#8220; (Gert Fr\u00f6be)<br \/>\n<\/span><\/h4>\n<p style=\"text-align: justify;\">Gerne d\u00fcrfen Sie meine Beratung und Hilfe in Anspruch nehmen, damit genau dieses nicht passiert! Das Wort DI\u00c4T existiert in meinem Vokabular nicht, genauso wenig wie der Begriff Abmagerungskur!<\/p>\n<p style=\"text-align: justify;\">Ich unterst\u00fctze Sie dabei, durch eine gesunde, vollwertige und langfristige Ern\u00e4hrungsumstellung langsam, aber dauerhaft Gewicht zu reduzieren. Dabei gehe ich ganz individuell auf Sie ein. Keinesfalls m\u00fcssen Sie sich komplett dabei &#8222;verbiegen&#8220;, das hei\u00dft z.B. Nahrungsmittel auf Ihren Speiseplan \u00a0integrieren, die \u00fcberhaupt nicht Ihrem Geschmack entsprechen.<\/p>\n<p style=\"text-align: justify;\">Auch zeige ich Ihnen, wie man Lieblingsrezepte &#8222;leichter&#8220; und trotzdem schmackhaft und familientauglich zubereiten kann. Sie lernen, wie man \u00a0&#8222;<em>so ganz nebenbei<\/em>&#8220; Gewicht verlieren kann, ohne Kalorien zu z\u00e4hlen.<\/p>\n<p style=\"text-align: justify;\">Sollten Sie dennoch einen schriftlichen Leitfaden sprich Tagesern\u00e4hrungspl\u00e4ne w\u00fcnschen, erhalten Sie diese selbstverst\u00e4ndlich individuell gestaltet. Ich begleite Sie hierbei je nach Wunsch \u00fcber einen l\u00e4ngeren Zeitraum und gebe Ihnen auch Hilfestellung, nach der Abnahme oder aber auch Zunahme das erreichte K\u00f6rpergewicht zu stabilisieren.<\/p>\n<p style=\"text-align: justify;\">Den Umfang \u00a0bzw. die Anzahl der Beratungseinheiten bestimmen Sie alleine! Zwischendurch k\u00f6nnen auch telefonische oder Online &#8211; Beratungen hilfreich sein. Selbstverst\u00e4ndlich gebe ich Ihnen auch praktische Hilfestellung, falls gew\u00fcnscht. Beispiel: Wie bereitet man ein leckeres\u00a0 Salatdressing zu ?<\/p>\n<p style=\"text-align: justify;\">Einzelberatungen bzw. Gruppenberatungen ( auch Kleingruppen ab 2 Personen )<\/p>\n<h4 style=\"text-align: center;\"><strong><span style=\"color: #339966;\">Abnehmen mit Genu\u00df hei\u00dft die Devise! <\/span><span style=\"color: #339966;\">Bitte sprechen Sie mich an!<\/span><\/strong><\/h4>\n<p>[box type=&#8220;shadow&#8220; align=&#8220;aligncenter&#8220; class=&#8220;&#8220; width=&#8220;&#8220;]<img loading=\"lazy\" decoding=\"async\" class=\"alignnone size-full wp-image-173\" src=\"http:\/\/www.xn--ernhrungsberatung-bad-harzburg-xsc.de\/wordpress\/wp-content\/uploads\/2015\/08\/pepper-813610_1280.jpg\" alt=\"\" width=\"1280\" height=\"668\" srcset=\"https:\/\/www.xn--ernhrungsberatung-bad-harzburg-xsc.de\/wordpress\/wp-content\/uploads\/2015\/08\/pepper-813610_1280.jpg 1280w, https:\/\/www.xn--ernhrungsberatung-bad-harzburg-xsc.de\/wordpress\/wp-content\/uploads\/2015\/08\/pepper-813610_1280-300x157.jpg 300w, https:\/\/www.xn--ernhrungsberatung-bad-harzburg-xsc.de\/wordpress\/wp-content\/uploads\/2015\/08\/pepper-813610_1280-1024x534.jpg 1024w\" sizes=\"auto, (max-width: 1280px) 100vw, 1280px\" \/>[\/box]<\/p>\n<h4><strong><em><span style=\"text-decoration: underline;\">Pr\u00e4vention<\/span><\/em><\/strong><\/h4>\n<p style=\"text-align: justify;\">Die Pr\u00e4vention \u00a0ern\u00e4hrungsbedingter Erkrankungen hat bei meiner T\u00e4tigkeit einen sehr hohen Stellenwert! Herz-Kreislauferkrankungen, Diabetes, Gicht, ein zu hoher Cholesterinspiegel k\u00f6nnen durch eine\u00a0 gesunde Ern\u00e4hrungsweise und auch \u00a0Lebensweise positiv beeinflusst bzw. ganz und gar vermieden werden.<\/p>\n<p style=\"text-align: justify;\">Die Entwicklung von \u00dcbergewicht \/ Adipositas f\u00f6rdert diverse Krankheitsbilder. Da mittlerweile auch im Kinderalter die Problematik immer mehr zunimmt, ist es wichtig, bereits hier mit pr\u00e4ventiven Angeboten anzufangen. Aber auch Erwachsene sollten jederzeit die M\u00f6glichkeit bekommen, sich Wissen \u00fcber eine ausgewogene Ern\u00e4hrung anzueignen.<\/p>\n<p style=\"text-align: justify;\">Ich biete daher Kurse \/ Vortr\u00e4ge \/ Aktionen in Kinderg\u00e4rten, Schulen, Kreisvolkshochschulen, Betrieben usw. an.<\/p>\n<h4 style=\"text-align: justify;\"><span style=\"text-decoration: underline;\"><strong>Allgemeine Angebote<\/strong><\/span><\/h4>\n<ul>\n<li>&#8211; Vortr\u00e4ge \u00fcber spezielle Themen \u00a0wie z.B. \u00a0&#8220; Gesunde Ern\u00e4hrung im Seniorenalter&#8220;, &#8220; Fett- ein spannendes Thema<\/li>\n<li>&#8211; Fortbildungen<\/li>\n<li>&#8211; betriebliche Workshops<\/li>\n<li>&#8211; Gruppenkurse<\/li>\n<li>&#8211; Beratungsgespr\u00e4che \u00fcber bestimmte Kostformen wie vegane oder vegetarische Ern\u00e4hrung<\/li>\n<li>&#8211; Ern\u00e4hrungspl\u00e4ne<\/li>\n<li>&#8211; Kochkurse<\/li>\n<li>&#8211; Kochanleitung bei Ern\u00e4hrungsumstellung: Sie m\u00f6chten gerne anders kochen , wissen aber nicht wie ?<\/li>\n<li style=\"text-align: justify;\">&#8211; N\u00e4hrwertanalysen eines Ern\u00e4hrungsprotokolles: Sie sind z.B. interressiert daran, zu wissen wie hoch Ihre t\u00e4gliche Calciumzufuhr ist oder\u00a0 \u00a0 \u00a0 \u00a0allgemein Ihre Energiezufuhr? Ich berechne diese Werte anhand eines von Ihnen genau gef\u00fchrten Protokolles.<\/li>\n<\/ul>\n","protected":false},"excerpt":{"rendered":"<p>Gewichtsreduktion &#8222;Das Erste, das man bei einer Abmagerungskur verliert, ist die &#8230; <\/p>\n","protected":false},"author":1,"featured_media":321,"parent":0,"menu_order":0,"comment_status":"closed","ping_status":"open","template":"","meta":{"footnotes":""},"class_list":["post-82","page","type-page","status-publish","has-post-thumbnail","hentry"],"yoast_head":"<!-- This site is optimized with the Yoast SEO plugin v27.4 - https:\/\/yoast.com\/product\/yoast-seo-wordpress\/ -->\n<title>Ern\u00e4hrungsberatung - Ern\u00e4hrungsberatung Bad Harzburg<\/title>\n<meta name=\"robots\" content=\"index, follow, max-snippet:-1, max-image-preview:large, max-video-preview:-1\" \/>\n<link rel=\"canonical\" href=\"https:\/\/www.ern\u00e4hrungsberatung-bad-harzburg.de\/?page_id=82\" \/>\n<meta property=\"og:locale\" content=\"de_DE\" \/>\n<meta property=\"og:type\" content=\"article\" \/>\n<meta property=\"og:title\" content=\"Ern\u00e4hrungsberatung - Ern\u00e4hrungsberatung Bad Harzburg\" \/>\n<meta property=\"og:description\" content=\"Gewichtsreduktion &#8222;Das Erste, das man bei einer Abmagerungskur verliert, ist die ...\" \/>\n<meta property=\"og:url\" content=\"https:\/\/www.ern\u00e4hrungsberatung-bad-harzburg.de\/?page_id=82\" \/>\n<meta property=\"og:site_name\" content=\"Ern\u00e4hrungsberatung Bad Harzburg\" \/>\n<meta property=\"article:modified_time\" content=\"2018-08-13T16:19:58+00:00\" \/>\n<meta property=\"og:image\" content=\"https:\/\/www.xn--ernhrungsberatung-bad-harzburg-xsc.de\/wordpress\/wp-content\/uploads\/2015\/08\/ancient-268427_1280.jpg\" \/>\n\t<meta property=\"og:image:width\" content=\"960\" \/>\n\t<meta property=\"og:image:height\" content=\"1280\" \/>\n\t<meta property=\"og:image:type\" content=\"image\/jpeg\" \/>\n<meta name=\"twitter:label1\" content=\"Gesch\u00e4tzte Lesezeit\" \/>\n\t<meta name=\"twitter:data1\" content=\"2\u00a0Minuten\" \/>\n<script type=\"application\/ld+json\" class=\"yoast-schema-graph\">{\"@context\":\"https:\\\/\\\/schema.org\",\"@graph\":[{\"@type\":\"WebPage\",\"@id\":\"https:\\\/\\\/www.ern\u00e4hrungsberatung-bad-harzburg.de\\\/?page_id=82\",\"url\":\"https:\\\/\\\/www.ern\u00e4hrungsberatung-bad-harzburg.de\\\/?page_id=82\",\"name\":\"Ern\u00e4hrungsberatung - Ern\u00e4hrungsberatung Bad Harzburg\",\"isPartOf\":{\"@id\":\"https:\\\/\\\/www.ern\u00e4hrungsberatung-bad-harzburg.de\\\/#website\"},\"primaryImageOfPage\":{\"@id\":\"https:\\\/\\\/www.ern\u00e4hrungsberatung-bad-harzburg.de\\\/?page_id=82#primaryimage\"},\"image\":{\"@id\":\"https:\\\/\\\/www.ern\u00e4hrungsberatung-bad-harzburg.de\\\/?page_id=82#primaryimage\"},\"thumbnailUrl\":\"https:\\\/\\\/www.xn--ernhrungsberatung-bad-harzburg-xsc.de\\\/wordpress\\\/wp-content\\\/uploads\\\/2015\\\/08\\\/ancient-268427_1280.jpg\",\"datePublished\":\"2015-08-11T12:31:12+00:00\",\"dateModified\":\"2018-08-13T16:19:58+00:00\",\"breadcrumb\":{\"@id\":\"https:\\\/\\\/www.ern\u00e4hrungsberatung-bad-harzburg.de\\\/?page_id=82#breadcrumb\"},\"inLanguage\":\"de\",\"potentialAction\":[{\"@type\":\"ReadAction\",\"target\":[\"https:\\\/\\\/www.ern\u00e4hrungsberatung-bad-harzburg.de\\\/?page_id=82\"]}]},{\"@type\":\"ImageObject\",\"inLanguage\":\"de\",\"@id\":\"https:\\\/\\\/www.ern\u00e4hrungsberatung-bad-harzburg.de\\\/?page_id=82#primaryimage\",\"url\":\"https:\\\/\\\/www.xn--ernhrungsberatung-bad-harzburg-xsc.de\\\/wordpress\\\/wp-content\\\/uploads\\\/2015\\\/08\\\/ancient-268427_1280.jpg\",\"contentUrl\":\"https:\\\/\\\/www.xn--ernhrungsberatung-bad-harzburg-xsc.de\\\/wordpress\\\/wp-content\\\/uploads\\\/2015\\\/08\\\/ancient-268427_1280.jpg\",\"width\":960,\"height\":1280},{\"@type\":\"BreadcrumbList\",\"@id\":\"https:\\\/\\\/www.ern\u00e4hrungsberatung-bad-harzburg.de\\\/?page_id=82#breadcrumb\",\"itemListElement\":[{\"@type\":\"ListItem\",\"position\":1,\"name\":\"Home\",\"item\":\"https:\\\/\\\/www.ern\u00e4hrungsberatung-bad-harzburg.de\\\/\"},{\"@type\":\"ListItem\",\"position\":2,\"name\":\"Ern\u00e4hrungsberatung\"}]},{\"@type\":\"WebSite\",\"@id\":\"https:\\\/\\\/www.ern\u00e4hrungsberatung-bad-harzburg.de\\\/#website\",\"url\":\"https:\\\/\\\/www.ern\u00e4hrungsberatung-bad-harzburg.de\\\/\",\"name\":\"Ern\u00e4hrungsberatung Bad Harzburg\",\"description\":\"Ern\u00e4hrungsberatung, Gewichtscoach, Gesunde Ern\u00e4hrung, Bad Harzburg\",\"potentialAction\":[{\"@type\":\"SearchAction\",\"target\":{\"@type\":\"EntryPoint\",\"urlTemplate\":\"https:\\\/\\\/www.ern\u00e4hrungsberatung-bad-harzburg.de\\\/?s={search_term_string}\"},\"query-input\":{\"@type\":\"PropertyValueSpecification\",\"valueRequired\":true,\"valueName\":\"search_term_string\"}}],\"inLanguage\":\"de\"}]}<\/script>\n<!-- \/ Yoast SEO plugin. -->","yoast_head_json":{"title":"Ern\u00e4hrungsberatung - Ern\u00e4hrungsberatung Bad Harzburg","robots":{"index":"index","follow":"follow","max-snippet":"max-snippet:-1","max-image-preview":"max-image-preview:large","max-video-preview":"max-video-preview:-1"},"canonical":"https:\/\/www.ern\u00e4hrungsberatung-bad-harzburg.de\/?page_id=82","og_locale":"de_DE","og_type":"article","og_title":"Ern\u00e4hrungsberatung - Ern\u00e4hrungsberatung Bad Harzburg","og_description":"Gewichtsreduktion &#8222;Das Erste, das man bei einer Abmagerungskur verliert, ist die ...","og_url":"https:\/\/www.ern\u00e4hrungsberatung-bad-harzburg.de\/?page_id=82","og_site_name":"Ern\u00e4hrungsberatung Bad Harzburg","article_modified_time":"2018-08-13T16:19:58+00:00","og_image":[{"width":960,"height":1280,"url":"https:\/\/www.xn--ernhrungsberatung-bad-harzburg-xsc.de\/wordpress\/wp-content\/uploads\/2015\/08\/ancient-268427_1280.jpg","type":"image\/jpeg"}],"twitter_misc":{"Gesch\u00e4tzte Lesezeit":"2\u00a0Minuten"},"schema":{"@context":"https:\/\/schema.org","@graph":[{"@type":"WebPage","@id":"https:\/\/www.ern\u00e4hrungsberatung-bad-harzburg.de\/?page_id=82","url":"https:\/\/www.ern\u00e4hrungsberatung-bad-harzburg.de\/?page_id=82","name":"Ern\u00e4hrungsberatung - Ern\u00e4hrungsberatung Bad Harzburg","isPartOf":{"@id":"https:\/\/www.ern\u00e4hrungsberatung-bad-harzburg.de\/#website"},"primaryImageOfPage":{"@id":"https:\/\/www.ern\u00e4hrungsberatung-bad-harzburg.de\/?page_id=82#primaryimage"},"image":{"@id":"https:\/\/www.ern\u00e4hrungsberatung-bad-harzburg.de\/?page_id=82#primaryimage"},"thumbnailUrl":"https:\/\/www.xn--ernhrungsberatung-bad-harzburg-xsc.de\/wordpress\/wp-content\/uploads\/2015\/08\/ancient-268427_1280.jpg","datePublished":"2015-08-11T12:31:12+00:00","dateModified":"2018-08-13T16:19:58+00:00","breadcrumb":{"@id":"https:\/\/www.ern\u00e4hrungsberatung-bad-harzburg.de\/?page_id=82#breadcrumb"},"inLanguage":"de","potentialAction":[{"@type":"ReadAction","target":["https:\/\/www.ern\u00e4hrungsberatung-bad-harzburg.de\/?page_id=82"]}]},{"@type":"ImageObject","inLanguage":"de","@id":"https:\/\/www.ern\u00e4hrungsberatung-bad-harzburg.de\/?page_id=82#primaryimage","url":"https:\/\/www.xn--ernhrungsberatung-bad-harzburg-xsc.de\/wordpress\/wp-content\/uploads\/2015\/08\/ancient-268427_1280.jpg","contentUrl":"https:\/\/www.xn--ernhrungsberatung-bad-harzburg-xsc.de\/wordpress\/wp-content\/uploads\/2015\/08\/ancient-268427_1280.jpg","width":960,"height":1280},{"@type":"BreadcrumbList","@id":"https:\/\/www.ern\u00e4hrungsberatung-bad-harzburg.de\/?page_id=82#breadcrumb","itemListElement":[{"@type":"ListItem","position":1,"name":"Home","item":"https:\/\/www.ern\u00e4hrungsberatung-bad-harzburg.de\/"},{"@type":"ListItem","position":2,"name":"Ern\u00e4hrungsberatung"}]},{"@type":"WebSite","@id":"https:\/\/www.ern\u00e4hrungsberatung-bad-harzburg.de\/#website","url":"https:\/\/www.ern\u00e4hrungsberatung-bad-harzburg.de\/","name":"Ern\u00e4hrungsberatung Bad Harzburg","description":"Ern\u00e4hrungsberatung, Gewichtscoach, Gesunde Ern\u00e4hrung, Bad Harzburg","potentialAction":[{"@type":"SearchAction","target":{"@type":"EntryPoint","urlTemplate":"https:\/\/www.ern\u00e4hrungsberatung-bad-harzburg.de\/?s={search_term_string}"},"query-input":{"@type":"PropertyValueSpecification","valueRequired":true,"valueName":"search_term_string"}}],"inLanguage":"de"}]}},"_links":{"self":[{"href":"https:\/\/www.ern\u00e4hrungsberatung-bad-harzburg.de\/index.php?rest_route=\/wp\/v2\/pages\/82","targetHints":{"allow":["GET"]}}],"collection":[{"href":"https:\/\/www.ern\u00e4hrungsberatung-bad-harzburg.de\/index.php?rest_route=\/wp\/v2\/pages"}],"about":[{"href":"https:\/\/www.ern\u00e4hrungsberatung-bad-harzburg.de\/index.php?rest_route=\/wp\/v2\/types\/page"}],"author":[{"embeddable":true,"href":"https:\/\/www.ern\u00e4hrungsberatung-bad-harzburg.de\/index.php?rest_route=\/wp\/v2\/users\/1"}],"replies":[{"embeddable":true,"href":"https:\/\/www.ern\u00e4hrungsberatung-bad-harzburg.de\/index.php?rest_route=%2Fwp%2Fv2%2Fcomments&post=82"}],"version-history":[{"count":37,"href":"https:\/\/www.ern\u00e4hrungsberatung-bad-harzburg.de\/index.php?rest_route=\/wp\/v2\/pages\/82\/revisions"}],"predecessor-version":[{"id":502,"href":"https:\/\/www.ern\u00e4hrungsberatung-bad-harzburg.de\/index.php?rest_route=\/wp\/v2\/pages\/82\/revisions\/502"}],"wp:featuredmedia":[{"embeddable":true,"href":"https:\/\/www.ern\u00e4hrungsberatung-bad-harzburg.de\/index.php?rest_route=\/wp\/v2\/media\/321"}],"wp:attachment":[{"href":"https:\/\/www.ern\u00e4hrungsberatung-bad-harzburg.de\/index.php?rest_route=%2Fwp%2Fv2%2Fmedia&parent=82"}],"curies":[{"name":"wp","href":"https:\/\/api.w.org\/{rel}","templated":true}]}}