{"id":355,"date":"2015-08-20T14:57:04","date_gmt":"2015-08-20T12:57:04","guid":{"rendered":"http:\/\/www.xn--ernhrungsberatung-bad-harzburg-xsc.de\/wordpress\/?page_id=355"},"modified":"2024-09-20T17:24:01","modified_gmt":"2024-09-20T15:24:01","slug":"impressum","status":"publish","type":"page","link":"https:\/\/www.ern\u00e4hrungsberatung-bad-harzburg.de\/?page_id=355","title":{"rendered":"Impressum"},"content":{"rendered":"<h1><img loading=\"lazy\" decoding=\"async\" class=\"alignright size-full wp-image-507\" src=\"https:\/\/www.xn--ernhrungsberatung-bad-harzburg-xsc.de\/wordpress\/wp-content\/uploads\/2018\/10\/erecht24-siegel-agenturpartner-rot.png\" alt=\"\" width=\"120\" height=\"156\" \/>Impressum<\/h1>\n<p>Heidi Wenzlaff<br \/>\nErn\u00e4hrungsberatung Heidi Wenzlaff<br \/>\nLandstra\u00dfe 3<br \/>\n38667 Bad Harzburg<\/p>\n<h2>Kontakt<\/h2>\n<p>Telefon: 05322\/878517<br \/>\nE-Mail: heidi-wenzlaff-ernaehrung@t-online.de<\/p>\n<h2>Umsatzsteuer-ID<\/h2>\n<p>Umsatzsteuer-Identifikationsnummer gem\u00e4\u00df \u00a7 27 a Umsatzsteuergesetz:<br \/>\nDE299221209<\/p>\n<h2>EU-Streitschlichtung<\/h2>\n<p>Die Europ\u00e4ische Kommission stellt eine Plattform zur Online-Streitbeilegung (OS) bereit: <a href=\"https:\/\/ec.europa.eu\/consumers\/odr\/\" target=\"_blank\" rel=\"noopener noreferrer\">https:\/\/ec.europa.eu\/consumers\/odr\/<\/a>.<br \/>\nUnsere E-Mail-Adresse finden Sie oben im Impressum.<\/p>\n<h2>Verbraucher\u00adstreit\u00adbeilegung\/Universal\u00adschlichtungs\u00adstelle<\/h2>\n<p>Wir sind nicht bereit oder verpflichtet, an Streitbeilegungsverfahren vor einer Verbraucherschlichtungsstelle teilzunehmen.<\/p>\n","protected":false},"excerpt":{"rendered":"<p>Impressum Heidi Wenzlaff Ern\u00e4hrungsberatung Heidi Wenzlaff Landstra\u00dfe 3 38667 Bad Harzburg &#8230; <\/p>\n","protected":false},"author":1,"featured_media":0,"parent":0,"menu_order":0,"comment_status":"closed","ping_status":"open","template":"","meta":{"footnotes":""},"class_list":["post-355","page","type-page","status-publish","hentry"],"yoast_head":"<!-- This site is optimized with the Yoast SEO plugin v27.4 - https:\/\/yoast.com\/product\/yoast-seo-wordpress\/ -->\n<title>Impressum - Ern\u00e4hrungsberatung Bad Harzburg<\/title>\n<meta name=\"robots\" content=\"index, follow, max-snippet:-1, max-image-preview:large, max-video-preview:-1\" \/>\n<link rel=\"canonical\" href=\"https:\/\/www.ern\u00e4hrungsberatung-bad-harzburg.de\/?page_id=355\" \/>\n<meta property=\"og:locale\" content=\"de_DE\" \/>\n<meta property=\"og:type\" content=\"article\" \/>\n<meta property=\"og:title\" content=\"Impressum - Ern\u00e4hrungsberatung Bad Harzburg\" \/>\n<meta property=\"og:description\" content=\"Impressum Heidi Wenzlaff Ern\u00e4hrungsberatung Heidi Wenzlaff Landstra\u00dfe 3 38667 Bad Harzburg ...\" \/>\n<meta property=\"og:url\" content=\"https:\/\/www.ern\u00e4hrungsberatung-bad-harzburg.de\/?page_id=355\" \/>\n<meta property=\"og:site_name\" content=\"Ern\u00e4hrungsberatung Bad Harzburg\" \/>\n<meta property=\"article:modified_time\" content=\"2024-09-20T15:24:01+00:00\" \/>\n<meta property=\"og:image\" content=\"https:\/\/www.xn--ernhrungsberatung-bad-harzburg-xsc.de\/wordpress\/wp-content\/uploads\/2018\/10\/erecht24-siegel-agenturpartner-rot.png\" \/>\n<meta name=\"twitter:label1\" content=\"Gesch\u00e4tzte Lesezeit\" \/>\n\t<meta name=\"twitter:data1\" content=\"1\u00a0Minute\" \/>\n<script type=\"application\/ld+json\" class=\"yoast-schema-graph\">{\"@context\":\"https:\\\/\\\/schema.org\",\"@graph\":[{\"@type\":\"WebPage\",\"@id\":\"https:\\\/\\\/www.ern\u00e4hrungsberatung-bad-harzburg.de\\\/?page_id=355\",\"url\":\"https:\\\/\\\/www.ern\u00e4hrungsberatung-bad-harzburg.de\\\/?page_id=355\",\"name\":\"Impressum - Ern\u00e4hrungsberatung Bad Harzburg\",\"isPartOf\":{\"@id\":\"https:\\\/\\\/www.ern\u00e4hrungsberatung-bad-harzburg.de\\\/#website\"},\"primaryImageOfPage\":{\"@id\":\"https:\\\/\\\/www.ern\u00e4hrungsberatung-bad-harzburg.de\\\/?page_id=355#primaryimage\"},\"image\":{\"@id\":\"https:\\\/\\\/www.ern\u00e4hrungsberatung-bad-harzburg.de\\\/?page_id=355#primaryimage\"},\"thumbnailUrl\":\"https:\\\/\\\/www.xn--ernhrungsberatung-bad-harzburg-xsc.de\\\/wordpress\\\/wp-content\\\/uploads\\\/2018\\\/10\\\/erecht24-siegel-agenturpartner-rot.png\",\"datePublished\":\"2015-08-20T12:57:04+00:00\",\"dateModified\":\"2024-09-20T15:24:01+00:00\",\"breadcrumb\":{\"@id\":\"https:\\\/\\\/www.ern\u00e4hrungsberatung-bad-harzburg.de\\\/?page_id=355#breadcrumb\"},\"inLanguage\":\"de\",\"potentialAction\":[{\"@type\":\"ReadAction\",\"target\":[\"https:\\\/\\\/www.ern\u00e4hrungsberatung-bad-harzburg.de\\\/?page_id=355\"]}]},{\"@type\":\"ImageObject\",\"inLanguage\":\"de\",\"@id\":\"https:\\\/\\\/www.ern\u00e4hrungsberatung-bad-harzburg.de\\\/?page_id=355#primaryimage\",\"url\":\"https:\\\/\\\/www.xn--ernhrungsberatung-bad-harzburg-xsc.de\\\/wordpress\\\/wp-content\\\/uploads\\\/2018\\\/10\\\/erecht24-siegel-agenturpartner-rot.png\",\"contentUrl\":\"https:\\\/\\\/www.xn--ernhrungsberatung-bad-harzburg-xsc.de\\\/wordpress\\\/wp-content\\\/uploads\\\/2018\\\/10\\\/erecht24-siegel-agenturpartner-rot.png\"},{\"@type\":\"BreadcrumbList\",\"@id\":\"https:\\\/\\\/www.ern\u00e4hrungsberatung-bad-harzburg.de\\\/?page_id=355#breadcrumb\",\"itemListElement\":[{\"@type\":\"ListItem\",\"position\":1,\"name\":\"Home\",\"item\":\"https:\\\/\\\/www.ern\u00e4hrungsberatung-bad-harzburg.de\\\/\"},{\"@type\":\"ListItem\",\"position\":2,\"name\":\"Impressum\"}]},{\"@type\":\"WebSite\",\"@id\":\"https:\\\/\\\/www.ern\u00e4hrungsberatung-bad-harzburg.de\\\/#website\",\"url\":\"https:\\\/\\\/www.ern\u00e4hrungsberatung-bad-harzburg.de\\\/\",\"name\":\"Ern\u00e4hrungsberatung Bad Harzburg\",\"description\":\"Ern\u00e4hrungsberatung, Gewichtscoach, Gesunde Ern\u00e4hrung, Bad Harzburg\",\"potentialAction\":[{\"@type\":\"SearchAction\",\"target\":{\"@type\":\"EntryPoint\",\"urlTemplate\":\"https:\\\/\\\/www.ern\u00e4hrungsberatung-bad-harzburg.de\\\/?s={search_term_string}\"},\"query-input\":{\"@type\":\"PropertyValueSpecification\",\"valueRequired\":true,\"valueName\":\"search_term_string\"}}],\"inLanguage\":\"de\"}]}<\/script>\n<!-- \/ Yoast SEO plugin. -->","yoast_head_json":{"title":"Impressum - Ern\u00e4hrungsberatung Bad Harzburg","robots":{"index":"index","follow":"follow","max-snippet":"max-snippet:-1","max-image-preview":"max-image-preview:large","max-video-preview":"max-video-preview:-1"},"canonical":"https:\/\/www.ern\u00e4hrungsberatung-bad-harzburg.de\/?page_id=355","og_locale":"de_DE","og_type":"article","og_title":"Impressum - Ern\u00e4hrungsberatung Bad Harzburg","og_description":"Impressum Heidi Wenzlaff Ern\u00e4hrungsberatung Heidi Wenzlaff Landstra\u00dfe 3 38667 Bad Harzburg ...","og_url":"https:\/\/www.ern\u00e4hrungsberatung-bad-harzburg.de\/?page_id=355","og_site_name":"Ern\u00e4hrungsberatung Bad Harzburg","article_modified_time":"2024-09-20T15:24:01+00:00","og_image":[{"url":"https:\/\/www.xn--ernhrungsberatung-bad-harzburg-xsc.de\/wordpress\/wp-content\/uploads\/2018\/10\/erecht24-siegel-agenturpartner-rot.png","type":"","width":"","height":""}],"twitter_misc":{"Gesch\u00e4tzte Lesezeit":"1\u00a0Minute"},"schema":{"@context":"https:\/\/schema.org","@graph":[{"@type":"WebPage","@id":"https:\/\/www.ern\u00e4hrungsberatung-bad-harzburg.de\/?page_id=355","url":"https:\/\/www.ern\u00e4hrungsberatung-bad-harzburg.de\/?page_id=355","name":"Impressum - Ern\u00e4hrungsberatung Bad Harzburg","isPartOf":{"@id":"https:\/\/www.ern\u00e4hrungsberatung-bad-harzburg.de\/#website"},"primaryImageOfPage":{"@id":"https:\/\/www.ern\u00e4hrungsberatung-bad-harzburg.de\/?page_id=355#primaryimage"},"image":{"@id":"https:\/\/www.ern\u00e4hrungsberatung-bad-harzburg.de\/?page_id=355#primaryimage"},"thumbnailUrl":"https:\/\/www.xn--ernhrungsberatung-bad-harzburg-xsc.de\/wordpress\/wp-content\/uploads\/2018\/10\/erecht24-siegel-agenturpartner-rot.png","datePublished":"2015-08-20T12:57:04+00:00","dateModified":"2024-09-20T15:24:01+00:00","breadcrumb":{"@id":"https:\/\/www.ern\u00e4hrungsberatung-bad-harzburg.de\/?page_id=355#breadcrumb"},"inLanguage":"de","potentialAction":[{"@type":"ReadAction","target":["https:\/\/www.ern\u00e4hrungsberatung-bad-harzburg.de\/?page_id=355"]}]},{"@type":"ImageObject","inLanguage":"de","@id":"https:\/\/www.ern\u00e4hrungsberatung-bad-harzburg.de\/?page_id=355#primaryimage","url":"https:\/\/www.xn--ernhrungsberatung-bad-harzburg-xsc.de\/wordpress\/wp-content\/uploads\/2018\/10\/erecht24-siegel-agenturpartner-rot.png","contentUrl":"https:\/\/www.xn--ernhrungsberatung-bad-harzburg-xsc.de\/wordpress\/wp-content\/uploads\/2018\/10\/erecht24-siegel-agenturpartner-rot.png"},{"@type":"BreadcrumbList","@id":"https:\/\/www.ern\u00e4hrungsberatung-bad-harzburg.de\/?page_id=355#breadcrumb","itemListElement":[{"@type":"ListItem","position":1,"name":"Home","item":"https:\/\/www.ern\u00e4hrungsberatung-bad-harzburg.de\/"},{"@type":"ListItem","position":2,"name":"Impressum"}]},{"@type":"WebSite","@id":"https:\/\/www.ern\u00e4hrungsberatung-bad-harzburg.de\/#website","url":"https:\/\/www.ern\u00e4hrungsberatung-bad-harzburg.de\/","name":"Ern\u00e4hrungsberatung Bad Harzburg","description":"Ern\u00e4hrungsberatung, Gewichtscoach, Gesunde Ern\u00e4hrung, Bad Harzburg","potentialAction":[{"@type":"SearchAction","target":{"@type":"EntryPoint","urlTemplate":"https:\/\/www.ern\u00e4hrungsberatung-bad-harzburg.de\/?s={search_term_string}"},"query-input":{"@type":"PropertyValueSpecification","valueRequired":true,"valueName":"search_term_string"}}],"inLanguage":"de"}]}},"_links":{"self":[{"href":"https:\/\/www.ern\u00e4hrungsberatung-bad-harzburg.de\/index.php?rest_route=\/wp\/v2\/pages\/355","targetHints":{"allow":["GET"]}}],"collection":[{"href":"https:\/\/www.ern\u00e4hrungsberatung-bad-harzburg.de\/index.php?rest_route=\/wp\/v2\/pages"}],"about":[{"href":"https:\/\/www.ern\u00e4hrungsberatung-bad-harzburg.de\/index.php?rest_route=\/wp\/v2\/types\/page"}],"author":[{"embeddable":true,"href":"https:\/\/www.ern\u00e4hrungsberatung-bad-harzburg.de\/index.php?rest_route=\/wp\/v2\/users\/1"}],"replies":[{"embeddable":true,"href":"https:\/\/www.ern\u00e4hrungsberatung-bad-harzburg.de\/index.php?rest_route=%2Fwp%2Fv2%2Fcomments&post=355"}],"version-history":[{"count":17,"href":"https:\/\/www.ern\u00e4hrungsberatung-bad-harzburg.de\/index.php?rest_route=\/wp\/v2\/pages\/355\/revisions"}],"predecessor-version":[{"id":593,"href":"https:\/\/www.ern\u00e4hrungsberatung-bad-harzburg.de\/index.php?rest_route=\/wp\/v2\/pages\/355\/revisions\/593"}],"wp:attachment":[{"href":"https:\/\/www.ern\u00e4hrungsberatung-bad-harzburg.de\/index.php?rest_route=%2Fwp%2Fv2%2Fmedia&parent=355"}],"curies":[{"name":"wp","href":"https:\/\/api.w.org\/{rel}","templated":true}]}}