{"id":205,"date":"2015-08-16T19:18:33","date_gmt":"2015-08-16T17:18:33","guid":{"rendered":"http:\/\/www.xn--ernhrungsberatung-bad-harzburg-xsc.de\/wordpress\/?page_id=205"},"modified":"2018-08-13T18:26:09","modified_gmt":"2018-08-13T16:26:09","slug":"aktionen","status":"publish","type":"page","link":"https:\/\/www.ern\u00e4hrungsberatung-bad-harzburg.de\/?page_id=205","title":{"rendered":"Kurse und Angebote"},"content":{"rendered":"<h2><\/h2>\n<hr \/>\n<h2><span style=\"text-decoration: underline;\"><span style=\"color: #339966;\"><em><strong>Angebot August &#8211; Oktober\u00a0<\/strong><\/em><\/span><\/span><\/h2>\n<h2>Alles zum Thema Kohlenhydrate<\/h2>\n<p style=\"text-align: justify;\">Low carb oder doch nicht? Viele Menschen sind sehr verunsichert, welche t\u00e4gliche Zufuhr denn nun tats\u00e4chlich gesund und richtig ist. Und was sind \u00fcberhaupt Kohlenhydrate und welche Unterschiede gibt es. \u00a0Auch ist der richtige Umgang damit ein wesentlicher Faktor f\u00fcr eine Gewichtsabnahme bzw. schlank zu bleiben und nat\u00fcrlich steht der gesundheitliche Aspekt dabei im Vordergrund!<\/p>\n<p style=\"text-align: justify;\">Sie erhalten \u00a0in einer Stunde wichtige Informationen zu diesem sehr interessanten Thema! Gerne d\u00fcrfen Sie auch ein paar Freunde oder Bekannte\/Verwandte dazu einladen. Ich komme selbstverst\u00e4ndlich auch zu Ihnen!<\/p>\n<h2><span style=\"color: #339966;\">Preis \/ Stunde : 35,00 \u20ac \u00a0 (Anfahrt innerhalb Bad Harzburg incl.)<\/span><\/h2>\n<hr \/>\n<h3>Die VHS- Kochkurse finden Sie auf der Seite &#8222;Aktuelles&#8220;<\/h3>\n<p>[box type=&#8220;shadow&#8220; align=&#8220;aligncenter&#8220; class=&#8220;&#8220; width=&#8220;&#8220;]<\/p>\n<p><img loading=\"lazy\" decoding=\"async\" class=\"alignnone wp-image-315 size-full\" src=\"http:\/\/www.xn--ernhrungsberatung-bad-harzburg-xsc.de\/wordpress\/wp-content\/uploads\/2015\/08\/cocoa-beans-373813_1280.jpg\" width=\"1280\" height=\"851\" srcset=\"https:\/\/www.xn--ernhrungsberatung-bad-harzburg-xsc.de\/wordpress\/wp-content\/uploads\/2015\/08\/cocoa-beans-373813_1280.jpg 1280w, https:\/\/www.xn--ernhrungsberatung-bad-harzburg-xsc.de\/wordpress\/wp-content\/uploads\/2015\/08\/cocoa-beans-373813_1280-300x199.jpg 300w, https:\/\/www.xn--ernhrungsberatung-bad-harzburg-xsc.de\/wordpress\/wp-content\/uploads\/2015\/08\/cocoa-beans-373813_1280-1024x681.jpg 1024w, https:\/\/www.xn--ernhrungsberatung-bad-harzburg-xsc.de\/wordpress\/wp-content\/uploads\/2015\/08\/cocoa-beans-373813_1280-310x205.jpg 310w\" sizes=\"auto, (max-width: 1280px) 100vw, 1280px\" \/><\/p>\n<p>[\/box]<\/p>\n","protected":false},"excerpt":{"rendered":"<p>Angebot August &#8211; Oktober\u00a0 Alles zum Thema Kohlenhydrate Low carb oder &#8230; <\/p>\n","protected":false},"author":1,"featured_media":180,"parent":0,"menu_order":0,"comment_status":"closed","ping_status":"open","template":"","meta":{"footnotes":""},"class_list":["post-205","page","type-page","status-publish","has-post-thumbnail","hentry"],"yoast_head":"<!-- This site is optimized with the Yoast SEO plugin v27.4 - https:\/\/yoast.com\/product\/yoast-seo-wordpress\/ -->\n<title>Kurse und Angebote - Ern\u00e4hrungsberatung Bad Harzburg<\/title>\n<meta name=\"robots\" content=\"index, follow, max-snippet:-1, max-image-preview:large, max-video-preview:-1\" \/>\n<link rel=\"canonical\" href=\"https:\/\/www.ern\u00e4hrungsberatung-bad-harzburg.de\/?page_id=205\" \/>\n<meta property=\"og:locale\" content=\"de_DE\" \/>\n<meta property=\"og:type\" content=\"article\" \/>\n<meta property=\"og:title\" content=\"Kurse und Angebote - Ern\u00e4hrungsberatung Bad Harzburg\" \/>\n<meta property=\"og:description\" content=\"Angebot August &#8211; Oktober\u00a0 Alles zum Thema Kohlenhydrate Low carb oder ...\" \/>\n<meta property=\"og:url\" content=\"https:\/\/www.ern\u00e4hrungsberatung-bad-harzburg.de\/?page_id=205\" \/>\n<meta property=\"og:site_name\" content=\"Ern\u00e4hrungsberatung Bad Harzburg\" \/>\n<meta property=\"article:modified_time\" content=\"2018-08-13T16:26:09+00:00\" \/>\n<meta property=\"og:image\" content=\"https:\/\/www.xn--ernhrungsberatung-bad-harzburg-xsc.de\/wordpress\/wp-content\/uploads\/2015\/08\/flower-882751_1280.jpg\" \/>\n\t<meta property=\"og:image:width\" content=\"1280\" \/>\n\t<meta property=\"og:image:height\" content=\"1007\" \/>\n\t<meta property=\"og:image:type\" content=\"image\/jpeg\" \/>\n<meta name=\"twitter:label1\" content=\"Gesch\u00e4tzte Lesezeit\" \/>\n\t<meta name=\"twitter:data1\" content=\"1\u00a0Minute\" \/>\n<script type=\"application\/ld+json\" class=\"yoast-schema-graph\">{\"@context\":\"https:\\\/\\\/schema.org\",\"@graph\":[{\"@type\":\"WebPage\",\"@id\":\"https:\\\/\\\/www.ern\u00e4hrungsberatung-bad-harzburg.de\\\/?page_id=205\",\"url\":\"https:\\\/\\\/www.ern\u00e4hrungsberatung-bad-harzburg.de\\\/?page_id=205\",\"name\":\"Kurse und Angebote - Ern\u00e4hrungsberatung Bad Harzburg\",\"isPartOf\":{\"@id\":\"https:\\\/\\\/www.ern\u00e4hrungsberatung-bad-harzburg.de\\\/#website\"},\"primaryImageOfPage\":{\"@id\":\"https:\\\/\\\/www.ern\u00e4hrungsberatung-bad-harzburg.de\\\/?page_id=205#primaryimage\"},\"image\":{\"@id\":\"https:\\\/\\\/www.ern\u00e4hrungsberatung-bad-harzburg.de\\\/?page_id=205#primaryimage\"},\"thumbnailUrl\":\"https:\\\/\\\/www.xn--ernhrungsberatung-bad-harzburg-xsc.de\\\/wordpress\\\/wp-content\\\/uploads\\\/2015\\\/08\\\/flower-882751_1280.jpg\",\"datePublished\":\"2015-08-16T17:18:33+00:00\",\"dateModified\":\"2018-08-13T16:26:09+00:00\",\"breadcrumb\":{\"@id\":\"https:\\\/\\\/www.ern\u00e4hrungsberatung-bad-harzburg.de\\\/?page_id=205#breadcrumb\"},\"inLanguage\":\"de\",\"potentialAction\":[{\"@type\":\"ReadAction\",\"target\":[\"https:\\\/\\\/www.ern\u00e4hrungsberatung-bad-harzburg.de\\\/?page_id=205\"]}]},{\"@type\":\"ImageObject\",\"inLanguage\":\"de\",\"@id\":\"https:\\\/\\\/www.ern\u00e4hrungsberatung-bad-harzburg.de\\\/?page_id=205#primaryimage\",\"url\":\"https:\\\/\\\/www.xn--ernhrungsberatung-bad-harzburg-xsc.de\\\/wordpress\\\/wp-content\\\/uploads\\\/2015\\\/08\\\/flower-882751_1280.jpg\",\"contentUrl\":\"https:\\\/\\\/www.xn--ernhrungsberatung-bad-harzburg-xsc.de\\\/wordpress\\\/wp-content\\\/uploads\\\/2015\\\/08\\\/flower-882751_1280.jpg\",\"width\":1280,\"height\":1007,\"caption\":\"Dies ist \u00fcbrigens eine Auberginenbl\u00fcte. Sch\u00f6n,nicht ?\"},{\"@type\":\"BreadcrumbList\",\"@id\":\"https:\\\/\\\/www.ern\u00e4hrungsberatung-bad-harzburg.de\\\/?page_id=205#breadcrumb\",\"itemListElement\":[{\"@type\":\"ListItem\",\"position\":1,\"name\":\"Home\",\"item\":\"https:\\\/\\\/www.ern\u00e4hrungsberatung-bad-harzburg.de\\\/\"},{\"@type\":\"ListItem\",\"position\":2,\"name\":\"Kurse und Angebote\"}]},{\"@type\":\"WebSite\",\"@id\":\"https:\\\/\\\/www.ern\u00e4hrungsberatung-bad-harzburg.de\\\/#website\",\"url\":\"https:\\\/\\\/www.ern\u00e4hrungsberatung-bad-harzburg.de\\\/\",\"name\":\"Ern\u00e4hrungsberatung Bad Harzburg\",\"description\":\"Ern\u00e4hrungsberatung, Gewichtscoach, Gesunde Ern\u00e4hrung, Bad Harzburg\",\"potentialAction\":[{\"@type\":\"SearchAction\",\"target\":{\"@type\":\"EntryPoint\",\"urlTemplate\":\"https:\\\/\\\/www.ern\u00e4hrungsberatung-bad-harzburg.de\\\/?s={search_term_string}\"},\"query-input\":{\"@type\":\"PropertyValueSpecification\",\"valueRequired\":true,\"valueName\":\"search_term_string\"}}],\"inLanguage\":\"de\"}]}<\/script>\n<!-- \/ Yoast SEO plugin. -->","yoast_head_json":{"title":"Kurse und Angebote - Ern\u00e4hrungsberatung Bad Harzburg","robots":{"index":"index","follow":"follow","max-snippet":"max-snippet:-1","max-image-preview":"max-image-preview:large","max-video-preview":"max-video-preview:-1"},"canonical":"https:\/\/www.ern\u00e4hrungsberatung-bad-harzburg.de\/?page_id=205","og_locale":"de_DE","og_type":"article","og_title":"Kurse und Angebote - Ern\u00e4hrungsberatung Bad Harzburg","og_description":"Angebot August &#8211; Oktober\u00a0 Alles zum Thema Kohlenhydrate Low carb oder ...","og_url":"https:\/\/www.ern\u00e4hrungsberatung-bad-harzburg.de\/?page_id=205","og_site_name":"Ern\u00e4hrungsberatung Bad Harzburg","article_modified_time":"2018-08-13T16:26:09+00:00","og_image":[{"width":1280,"height":1007,"url":"https:\/\/www.xn--ernhrungsberatung-bad-harzburg-xsc.de\/wordpress\/wp-content\/uploads\/2015\/08\/flower-882751_1280.jpg","type":"image\/jpeg"}],"twitter_misc":{"Gesch\u00e4tzte Lesezeit":"1\u00a0Minute"},"schema":{"@context":"https:\/\/schema.org","@graph":[{"@type":"WebPage","@id":"https:\/\/www.ern\u00e4hrungsberatung-bad-harzburg.de\/?page_id=205","url":"https:\/\/www.ern\u00e4hrungsberatung-bad-harzburg.de\/?page_id=205","name":"Kurse und Angebote - Ern\u00e4hrungsberatung Bad Harzburg","isPartOf":{"@id":"https:\/\/www.ern\u00e4hrungsberatung-bad-harzburg.de\/#website"},"primaryImageOfPage":{"@id":"https:\/\/www.ern\u00e4hrungsberatung-bad-harzburg.de\/?page_id=205#primaryimage"},"image":{"@id":"https:\/\/www.ern\u00e4hrungsberatung-bad-harzburg.de\/?page_id=205#primaryimage"},"thumbnailUrl":"https:\/\/www.xn--ernhrungsberatung-bad-harzburg-xsc.de\/wordpress\/wp-content\/uploads\/2015\/08\/flower-882751_1280.jpg","datePublished":"2015-08-16T17:18:33+00:00","dateModified":"2018-08-13T16:26:09+00:00","breadcrumb":{"@id":"https:\/\/www.ern\u00e4hrungsberatung-bad-harzburg.de\/?page_id=205#breadcrumb"},"inLanguage":"de","potentialAction":[{"@type":"ReadAction","target":["https:\/\/www.ern\u00e4hrungsberatung-bad-harzburg.de\/?page_id=205"]}]},{"@type":"ImageObject","inLanguage":"de","@id":"https:\/\/www.ern\u00e4hrungsberatung-bad-harzburg.de\/?page_id=205#primaryimage","url":"https:\/\/www.xn--ernhrungsberatung-bad-harzburg-xsc.de\/wordpress\/wp-content\/uploads\/2015\/08\/flower-882751_1280.jpg","contentUrl":"https:\/\/www.xn--ernhrungsberatung-bad-harzburg-xsc.de\/wordpress\/wp-content\/uploads\/2015\/08\/flower-882751_1280.jpg","width":1280,"height":1007,"caption":"Dies ist \u00fcbrigens eine Auberginenbl\u00fcte. Sch\u00f6n,nicht ?"},{"@type":"BreadcrumbList","@id":"https:\/\/www.ern\u00e4hrungsberatung-bad-harzburg.de\/?page_id=205#breadcrumb","itemListElement":[{"@type":"ListItem","position":1,"name":"Home","item":"https:\/\/www.ern\u00e4hrungsberatung-bad-harzburg.de\/"},{"@type":"ListItem","position":2,"name":"Kurse und Angebote"}]},{"@type":"WebSite","@id":"https:\/\/www.ern\u00e4hrungsberatung-bad-harzburg.de\/#website","url":"https:\/\/www.ern\u00e4hrungsberatung-bad-harzburg.de\/","name":"Ern\u00e4hrungsberatung Bad Harzburg","description":"Ern\u00e4hrungsberatung, Gewichtscoach, Gesunde Ern\u00e4hrung, Bad Harzburg","potentialAction":[{"@type":"SearchAction","target":{"@type":"EntryPoint","urlTemplate":"https:\/\/www.ern\u00e4hrungsberatung-bad-harzburg.de\/?s={search_term_string}"},"query-input":{"@type":"PropertyValueSpecification","valueRequired":true,"valueName":"search_term_string"}}],"inLanguage":"de"}]}},"_links":{"self":[{"href":"https:\/\/www.ern\u00e4hrungsberatung-bad-harzburg.de\/index.php?rest_route=\/wp\/v2\/pages\/205","targetHints":{"allow":["GET"]}}],"collection":[{"href":"https:\/\/www.ern\u00e4hrungsberatung-bad-harzburg.de\/index.php?rest_route=\/wp\/v2\/pages"}],"about":[{"href":"https:\/\/www.ern\u00e4hrungsberatung-bad-harzburg.de\/index.php?rest_route=\/wp\/v2\/types\/page"}],"author":[{"embeddable":true,"href":"https:\/\/www.ern\u00e4hrungsberatung-bad-harzburg.de\/index.php?rest_route=\/wp\/v2\/users\/1"}],"replies":[{"embeddable":true,"href":"https:\/\/www.ern\u00e4hrungsberatung-bad-harzburg.de\/index.php?rest_route=%2Fwp%2Fv2%2Fcomments&post=205"}],"version-history":[{"count":29,"href":"https:\/\/www.ern\u00e4hrungsberatung-bad-harzburg.de\/index.php?rest_route=\/wp\/v2\/pages\/205\/revisions"}],"predecessor-version":[{"id":504,"href":"https:\/\/www.ern\u00e4hrungsberatung-bad-harzburg.de\/index.php?rest_route=\/wp\/v2\/pages\/205\/revisions\/504"}],"wp:featuredmedia":[{"embeddable":true,"href":"https:\/\/www.ern\u00e4hrungsberatung-bad-harzburg.de\/index.php?rest_route=\/wp\/v2\/media\/180"}],"wp:attachment":[{"href":"https:\/\/www.ern\u00e4hrungsberatung-bad-harzburg.de\/index.php?rest_route=%2Fwp%2Fv2%2Fmedia&parent=205"}],"curies":[{"name":"wp","href":"https:\/\/api.w.org\/{rel}","templated":true}]}}